{"id":11095,"date":"2025-08-26T20:07:22","date_gmt":"2025-08-26T20:07:22","guid":{"rendered":"https:\/\/www.mikropakket.be\/offres-demploi\/"},"modified":"2025-11-06T21:59:59","modified_gmt":"2025-11-06T21:59:59","slug":"offres-demploi","status":"publish","type":"page","link":"https:\/\/www.mikropakket.be\/fr\/offres-demploi\/","title":{"rendered":"Offres d&#8217;emploi"},"content":{"rendered":"\t\t<div data-elementor-type=\"wp-page\" data-elementor-id=\"11095\" class=\"elementor elementor-11095 elementor-9549\" data-elementor-post-type=\"page\">\n\t\t\t\t<div class=\"elementor-element elementor-element-cf7de30 e-flex e-con-boxed wcf-starter-animations-none e-con e-parent\" data-id=\"cf7de30\" data-element_type=\"container\" data-e-type=\"container\" data-settings=\"{&quot;background_background&quot;:&quot;classic&quot;}\">\n\t\t\t\t\t<div class=\"e-con-inner\">\n\t\t<div class=\"elementor-element elementor-element-6d61fc1 e-con-full e-flex wcf-starter-animations-none e-con e-child\" data-id=\"6d61fc1\" data-element_type=\"container\" data-e-type=\"container\">\n\t\t\t\t<div class=\"elementor-element elementor-element-9f7ea54 elementor-widget-mobile__width-inherit wcf-starter-animations-none elementor-widget elementor-widget-wcf--title\" data-id=\"9f7ea54\" data-element_type=\"widget\" data-e-type=\"widget\" data-settings=\"{&quot;wcf_starter_animations&quot;:&quot;none&quot;,&quot;wcf_anim_duration&quot;:1000,&quot;wcf_anim_delay&quot;:0,&quot;wcf_anim_ease&quot;:&quot;ease&quot;}\" data-widget_type=\"wcf--title.default\">\n\t\t\t\t<div class=\"elementor-widget-container\">\n\t\t\t\t\t<h1 class=\"wcf--title\">Offres d'emploi<\/h1>\t\t\t\t<\/div>\n\t\t\t\t<\/div>\n\t\t\t\t<div class=\"elementor-element elementor-element-adf9d4b wcf-starter-animations-none elementor-widget elementor-widget-text-editor\" data-id=\"adf9d4b\" data-element_type=\"widget\" data-e-type=\"widget\" data-settings=\"{&quot;wcf_starter_animations&quot;:&quot;none&quot;,&quot;wcf_anim_duration&quot;:1000,&quot;wcf_anim_delay&quot;:0,&quot;wcf_anim_ease&quot;:&quot;ease&quot;}\" data-widget_type=\"text-editor.default\">\n\t\t\t\t<div class=\"elementor-widget-container\">\n\t\t\t\t\t\t\t\t\t<p>Chez Mikropakket, la pr\u00e9cision, le soin apport\u00e9 \u00e0 chaque d\u00e9tail et la fiabilit\u00e9 sont au c\u0153ur de tout. Vous souhaitez contribuer \u00e0 une entreprise o\u00f9 la qualit\u00e9, l&rsquo;innovation et un service personnalis\u00e9 sont essentiels? Rejoignez Mikropakket et int\u00e9grez notre \u00e9quipe soud\u00e9e qui fait la diff\u00e9rence pour nos clients au quotidien.<\/p>\t\t\t\t\t\t\t\t<\/div>\n\t\t\t\t<\/div>\n\t\t\t\t<\/div>\n\t\t<div class=\"elementor-element elementor-element-2f3c67d e-con-full e-flex wcf-starter-animations-none e-con e-child\" data-id=\"2f3c67d\" data-element_type=\"container\" data-e-type=\"container\" data-settings=\"{&quot;background_background&quot;:&quot;classic&quot;}\">\n\t\t\t\t<div class=\"elementor-element elementor-element-77bd47b elementor-grid-1 elementor-grid-tablet-2 elementor-grid-mobile-1 elementor-widget elementor-widget-loop-grid\" data-id=\"77bd47b\" data-element_type=\"widget\" data-e-type=\"widget\" data-settings=\"{&quot;template_id&quot;:9551,&quot;columns&quot;:1,&quot;_skin&quot;:&quot;post&quot;,&quot;columns_tablet&quot;:&quot;2&quot;,&quot;columns_mobile&quot;:&quot;1&quot;,&quot;edit_handle_selector&quot;:&quot;[data-elementor-type=\\&quot;loop-item\\&quot;]&quot;,&quot;row_gap&quot;:{&quot;unit&quot;:&quot;px&quot;,&quot;size&quot;:&quot;&quot;,&quot;sizes&quot;:[]},&quot;row_gap_laptop&quot;:{&quot;unit&quot;:&quot;px&quot;,&quot;size&quot;:&quot;&quot;,&quot;sizes&quot;:[]},&quot;row_gap_tablet_extra&quot;:{&quot;unit&quot;:&quot;px&quot;,&quot;size&quot;:&quot;&quot;,&quot;sizes&quot;:[]},&quot;row_gap_tablet&quot;:{&quot;unit&quot;:&quot;px&quot;,&quot;size&quot;:&quot;&quot;,&quot;sizes&quot;:[]},&quot;row_gap_mobile_extra&quot;:{&quot;unit&quot;:&quot;px&quot;,&quot;size&quot;:&quot;&quot;,&quot;sizes&quot;:[]},&quot;row_gap_mobile&quot;:{&quot;unit&quot;:&quot;px&quot;,&quot;size&quot;:&quot;&quot;,&quot;sizes&quot;:[]}}\" data-widget_type=\"loop-grid.post\">\n\t\t\t\t<div class=\"elementor-widget-container\">\n\t\t\t\t\t\t\t<div class=\"elementor-loop-container elementor-grid\" role=\"list\">\n\t\t<style id=\"loop-9551\">.elementor-9551 .elementor-element.elementor-element-accb304{--display:flex;--flex-direction:row;--container-widget-width:initial;--container-widget-height:100%;--container-widget-flex-grow:1;--container-widget-align-self:stretch;--flex-wrap-mobile:wrap;}.elementor-9551 .elementor-element.elementor-element-accb304.e-con{--flex-grow:0;--flex-shrink:0;}.elementor-9551 .elementor-element.elementor-element-f92c12f{--display:flex;--flex-direction:row;--container-widget-width:initial;--container-widget-height:100%;--container-widget-flex-grow:1;--container-widget-align-self:stretch;--flex-wrap-mobile:wrap;}.elementor-9551 .elementor-element.elementor-element-71b63f3{--display:flex;--justify-content:center;}.elementor-widget-heading .elementor-heading-title{font-family:var( --e-global-typography-primary-font-family ), Sans-serif;font-weight:var( --e-global-typography-primary-font-weight );color:var( --e-global-color-primary );}.elementor-9551 .elementor-element.elementor-element-1dee8ba{--wcf-duration:1000ms;--wcf-delay:0ms;--wcf-ease:ease;}.elementor-9551 .elementor-element.elementor-element-1dee8ba .elementor-heading-title{font-family:\"Helvetica Neue\", Sans-serif;font-weight:600;font-style:normal;}.elementor-widget-text-editor{font-family:var( --e-global-typography-text-font-family ), Sans-serif;font-weight:var( --e-global-typography-text-font-weight );color:var( --e-global-color-text );}.elementor-widget-text-editor.elementor-drop-cap-view-stacked .elementor-drop-cap{background-color:var( --e-global-color-primary );}.elementor-widget-text-editor.elementor-drop-cap-view-framed .elementor-drop-cap, .elementor-widget-text-editor.elementor-drop-cap-view-default .elementor-drop-cap{color:var( --e-global-color-primary );border-color:var( --e-global-color-primary );}.elementor-9551 .elementor-element.elementor-element-0272e6d{--wcf-duration:1000ms;--wcf-delay:0ms;--wcf-ease:ease;}.elementor-9551 .elementor-element.elementor-element-1a95426 .wcf__btn a{fill:var( --e-global-color-secondary );color:var( --e-global-color-secondary );}.elementor-9551 .elementor-element.elementor-element-1a95426 .wcf__btn a.wcf-btn-underline:after{background-color:var( --e-global-color-secondary );}.elementor-9551 .elementor-element.elementor-element-1a95426 .wcf__btn a.wcf-btn-mask:after{color:var( --e-global-color-secondary );}.elementor-9551 .elementor-element.elementor-element-1a95426 .wcf__btn a:hover, .elementor-9551 .elementor-element.elementor-element-1a95426 .wcf__btn a:focus{color:var( --e-global-color-secondary );fill:var( --e-global-color-secondary );}.elementor-9551 .elementor-element.elementor-element-1a95426 .wcf__btn a.wcf-btn-underline:hover:after{background-color:var( --e-global-color-secondary );}.elementor-9551 .elementor-element.elementor-element-8104291{--display:flex;}.elementor-9551 .elementor-element.elementor-element-327f931 .wcf--image-box{text-align:center;border-radius:8px 8px 8px 8px;}.elementor-9551 .elementor-element.elementor-element-327f931 .title-wrap{flex-direction:column;}.elementor-9551 .elementor-element.elementor-element-327f931 .title{margin-bottom:35px;font-size:25px;font-weight:bold;}@media(max-width:1366px){.elementor-9551 .elementor-element.elementor-element-327f931 .title{margin-bottom:40px;font-size:25px;}}@media(max-width:1200px){.elementor-9551 .elementor-element.elementor-element-accb304{--flex-direction:row;--container-widget-width:initial;--container-widget-height:100%;--container-widget-flex-grow:1;--container-widget-align-self:stretch;--flex-wrap-mobile:wrap;}.elementor-9551 .elementor-element.elementor-element-327f931 .title{margin-bottom:25px;font-size:18px;}}@media(max-width:1024px){.elementor-9551 .elementor-element.elementor-element-accb304{--flex-direction:column;--container-widget-width:100%;--container-widget-height:initial;--container-widget-flex-grow:0;--container-widget-align-self:initial;--flex-wrap-mobile:wrap;}.elementor-9551 .elementor-element.elementor-element-327f931 .title{font-size:16px;}}@media(max-width:880px){.elementor-9551 .elementor-element.elementor-element-327f931 .title{margin-bottom:165px;font-size:16px;}}@media(max-width:767px){.elementor-9551 .elementor-element.elementor-element-327f931 .title{margin-bottom:39px;font-size:25px;}}@media(min-width:768px){.elementor-9551 .elementor-element.elementor-element-accb304{--width:100%;}.elementor-9551 .elementor-element.elementor-element-8104291{--width:80%;}}@media(max-width:1366px) and (min-width:768px){.elementor-9551 .elementor-element.elementor-element-accb304{--width:100%;}}@media(max-width:1200px) and (min-width:768px){.elementor-9551 .elementor-element.elementor-element-accb304{--width:900px;}}@media(max-width:1024px) and (min-width:768px){.elementor-9551 .elementor-element.elementor-element-accb304{--width:900px;}.elementor-9551 .elementor-element.elementor-element-f92c12f{--width:100%;}}@media(max-width:880px) and (min-width:768px){.elementor-9551 .elementor-element.elementor-element-accb304{--width:100%;}}<\/style>\t\t<div data-elementor-type=\"loop-item\" data-elementor-id=\"9551\" class=\"elementor elementor-9551 e-loop-item e-loop-item-9521 post-9521 vacatures type-vacatures status-publish hentry\" data-elementor-post-type=\"elementor_library\" data-custom-edit-handle=\"1\">\n\t\t\t<div class=\"elementor-element elementor-element-accb304 e-con-full e-flex wcf-starter-animations-none e-con e-parent\" data-id=\"accb304\" data-element_type=\"container\" data-e-type=\"container\">\n\t\t<div class=\"elementor-element elementor-element-f92c12f e-con-full e-flex wcf-starter-animations-none e-con e-child\" data-id=\"f92c12f\" data-element_type=\"container\" data-e-type=\"container\">\n\t\t<div class=\"elementor-element elementor-element-71b63f3 e-con-full e-flex wcf-starter-animations-none e-con e-child\" data-id=\"71b63f3\" data-element_type=\"container\" data-e-type=\"container\">\n\t\t\t\t<div class=\"elementor-element elementor-element-1dee8ba wcf-starter-animations-none elementor-widget elementor-widget-heading\" data-id=\"1dee8ba\" data-element_type=\"widget\" data-e-type=\"widget\" data-settings=\"{&quot;wcf_starter_animations&quot;:&quot;none&quot;,&quot;wcf_anim_duration&quot;:1000,&quot;wcf_anim_delay&quot;:0,&quot;wcf_anim_ease&quot;:&quot;ease&quot;}\" data-widget_type=\"heading.default\">\n\t\t\t\t<div class=\"elementor-widget-container\">\n\t\t\t\t\t<h3 class=\"elementor-heading-title elementor-size-default\">Chauffeur CE &#8211; Trailervervoer<\/h3>\t\t\t\t<\/div>\n\t\t\t\t<\/div>\n\t\t\t\t<div class=\"elementor-element elementor-element-0272e6d wcf-starter-animations-none elementor-widget elementor-widget-text-editor\" data-id=\"0272e6d\" data-element_type=\"widget\" data-e-type=\"widget\" data-settings=\"{&quot;wcf_starter_animations&quot;:&quot;none&quot;,&quot;wcf_anim_duration&quot;:1000,&quot;wcf_anim_delay&quot;:0,&quot;wcf_anim_ease&quot;:&quot;ease&quot;}\" data-widget_type=\"text-editor.default\">\n\t\t\t\t<div class=\"elementor-widget-container\">\n\t\t\t\t\t\t\t\t\tBen jij op zoek naar een nieuwe uitdaging als chauffeur bij \u00e9\u00e9n van de grootste logistieke dienstverleners van Nederland? En herken jij jezelf als resultaatgericht, klantgericht en nauwkeurig? Dan zijn wij op zoek naar jou!\t\t\t\t\t\t\t\t<\/div>\n\t\t\t\t<\/div>\n\t\t\t\t<div class=\"elementor-element elementor-element-1a95426 elementor-widget elementor-widget-wcf--button\" data-id=\"1a95426\" data-element_type=\"widget\" data-e-type=\"widget\" data-widget_type=\"wcf--button.default\">\n\t\t\t\t<div class=\"elementor-widget-container\">\n\t\t\t\t\t\t\t<div class=\"wcf__btn\">\r\n\t\t\t\t\t\t\t<a href=\"https:\/\/www.mikropakket.be\/fr\/vacatures\/chauffeur-ce-trailervervoer\/\" class=\"wcf-btn-underline\">\r\n\t\t\t\t\t\t\t\t\t\tBekijk vacature\t\t\t\t<\/a>\r\n\t\t\t\t\t\t<\/div>\r\n\t\t\t\t\t\t<\/div>\n\t\t\t\t<\/div>\n\t\t\t\t<\/div>\n\t\t<div class=\"elementor-element elementor-element-8104291 e-con-full e-flex wcf-starter-animations-none e-con e-child\" data-id=\"8104291\" data-element_type=\"container\" data-e-type=\"container\">\n\t\t\t\t<div class=\"elementor-element elementor-element-327f931 img-box-wrap-center wcf--image-effect-zoom-in elementor-widget elementor-widget-wcf--image-box\" data-id=\"327f931\" data-element_type=\"widget\" data-e-type=\"widget\" data-widget_type=\"wcf--image-box.default\">\n\t\t\t\t<div class=\"elementor-widget-container\">\n\t\t\t\t\t\r\n\t\t<div class=\"wcf--image-box style-5\">\r\n\t\t\t<div class=\"thumb\">\r\n\t\t\t\t<img loading=\"lazy\" decoding=\"async\" width=\"1114\" height=\"800\" src=\"https:\/\/www.mikropakket.be\/wp-content\/uploads\/heading-1-postnl3.jpg\" class=\"attachment-full size-full wp-image-6176\" alt=\"\" srcset=\"https:\/\/www.mikropakket.be\/wp-content\/uploads\/heading-1-postnl3.jpg 1114w, https:\/\/www.mikropakket.be\/wp-content\/uploads\/heading-1-postnl3-300x215.jpg 300w, https:\/\/www.mikropakket.be\/wp-content\/uploads\/heading-1-postnl3-1024x735.jpg 1024w, https:\/\/www.mikropakket.be\/wp-content\/uploads\/heading-1-postnl3-768x552.jpg 768w\" sizes=\"auto, (max-width: 1114px) 100vw, 1114px\" \/>\t\t\t<\/div>\r\n\t\t\t<div class=\"content\">\r\n\t\t\t\t<div class=\"wrap\">\r\n\t\t\t\t\t\r\n\t\t\t\t\t\r\n\t\t\t\t\t\t\t\t\t\t\t<div class=\"title-wrap\">\r\n\t\t\t\t\t\t\t\r\n\t\t\t\t\t\t\t<h3 class=\"title\">\r\n\t\t\t\t\t\t\t\t\t\t\t\t\t\t\t<\/h3>\r\n\t\t\t\t\t\t<\/div>\r\n\t\t\t\t\t\r\n\t\t\t\t\t\r\n\t\t\t\t\t\t\t\t\t<\/div>\r\n\t\t\t<\/div>\r\n\t\t<\/div>\r\n\t\t\t\t\t\t<\/div>\n\t\t\t\t<\/div>\n\t\t\t\t<\/div>\n\t\t\t\t<\/div>\n\t\t\t\t<\/div>\n\t\t\t\t<\/div>\n\t\t\t\t<\/div>\n\t\t\n\t\t\t\t\t\t<\/div>\n\t\t\t\t<\/div>\n\t\t\t\t<\/div>\n\t\t\t\t\t<\/div>\n\t\t\t\t<\/div>\n\t\t\t\t<\/div>\n\t\t","protected":false},"excerpt":{"rendered":"<p>Offres d&#8217;emploi Chez Mikropakket, la pr\u00e9cision, le soin apport\u00e9 \u00e0 chaque d\u00e9tail et la fiabilit\u00e9 sont au c\u0153ur de tout. Vous souhaitez contribuer \u00e0 une entreprise o\u00f9 la qualit\u00e9, l&rsquo;innovation et un service personnalis\u00e9 sont essentiels? Rejoignez Mikropakket et int\u00e9grez notre \u00e9quipe soud\u00e9e qui fait la diff\u00e9rence pour nos clients au quotidien.<\/p>\n","protected":false},"author":1,"featured_media":0,"parent":0,"menu_order":0,"comment_status":"closed","ping_status":"closed","template":"elementor_header_footer","meta":{"_acf_changed":false,"footnotes":""},"class_list":["post-11095","page","type-page","status-publish","hentry"],"acf":[],"yoast_head":"<!-- This site is optimized with the Yoast SEO plugin v27.3 - https:\/\/yoast.com\/product\/yoast-seo-wordpress\/ -->\n<title>Travailler chez Mikropakket : Consultez nos offres d\u2019emploi<\/title>\n<meta name=\"description\" content=\"Vous travaillez chez Mikropakket? D\u00e9couvrez nos offres d&#039;emploi et contribuez \u00e0 une logistique fiable gr\u00e2ce \u00e0 un service personnalis\u00e9.\" \/>\n<meta name=\"robots\" content=\"index, follow, max-snippet:-1, max-image-preview:large, max-video-preview:-1\" \/>\n<link rel=\"canonical\" href=\"https:\/\/www.mikropakket.be\/fr\/offres-demploi\/\" \/>\n<meta property=\"og:locale\" content=\"fr_FR\" \/>\n<meta property=\"og:type\" content=\"article\" \/>\n<meta property=\"og:title\" content=\"Travailler chez Mikropakket : Consultez nos offres d\u2019emploi\" \/>\n<meta property=\"og:description\" content=\"Vous travaillez chez Mikropakket? D\u00e9couvrez nos offres d&#039;emploi et contribuez \u00e0 une logistique fiable gr\u00e2ce \u00e0 un service personnalis\u00e9.\" \/>\n<meta property=\"og:url\" content=\"https:\/\/www.mikropakket.be\/fr\/offres-demploi\/\" \/>\n<meta property=\"og:site_name\" content=\"Mikropakket BE\" \/>\n<meta property=\"article:modified_time\" content=\"2025-11-06T21:59:59+00:00\" \/>\n<meta name=\"twitter:card\" content=\"summary_large_image\" \/>\n<script type=\"application\/ld+json\" class=\"yoast-schema-graph\">{\"@context\":\"https:\\\/\\\/schema.org\",\"@graph\":[{\"@type\":\"WebPage\",\"@id\":\"https:\\\/\\\/www.mikropakket.be\\\/fr\\\/offres-demploi\\\/\",\"url\":\"https:\\\/\\\/www.mikropakket.be\\\/fr\\\/offres-demploi\\\/\",\"name\":\"Travailler chez Mikropakket : Consultez nos offres d\u2019emploi\",\"isPartOf\":{\"@id\":\"https:\\\/\\\/www.mikropakket.be\\\/fr\\\/#website\"},\"datePublished\":\"2025-08-26T20:07:22+00:00\",\"dateModified\":\"2025-11-06T21:59:59+00:00\",\"description\":\"Vous travaillez chez Mikropakket? D\u00e9couvrez nos offres d'emploi et contribuez \u00e0 une logistique fiable gr\u00e2ce \u00e0 un service personnalis\u00e9.\",\"breadcrumb\":{\"@id\":\"https:\\\/\\\/www.mikropakket.be\\\/fr\\\/offres-demploi\\\/#breadcrumb\"},\"inLanguage\":\"fr-BE\",\"potentialAction\":[{\"@type\":\"ReadAction\",\"target\":[\"https:\\\/\\\/www.mikropakket.be\\\/fr\\\/offres-demploi\\\/\"]}]},{\"@type\":\"BreadcrumbList\",\"@id\":\"https:\\\/\\\/www.mikropakket.be\\\/fr\\\/offres-demploi\\\/#breadcrumb\",\"itemListElement\":[{\"@type\":\"ListItem\",\"position\":1,\"name\":\"Home\",\"item\":\"https:\\\/\\\/www.mikropakket.be\\\/fr\\\/\"},{\"@type\":\"ListItem\",\"position\":2,\"name\":\"Offres d&#8217;emploi\"}]},{\"@type\":\"WebSite\",\"@id\":\"https:\\\/\\\/www.mikropakket.be\\\/fr\\\/#website\",\"url\":\"https:\\\/\\\/www.mikropakket.be\\\/fr\\\/\",\"name\":\"Mikropakket\",\"description\":\"Veilig transport voor waardevolle zendingen\",\"publisher\":{\"@id\":\"https:\\\/\\\/www.mikropakket.be\\\/fr\\\/#organization\"},\"potentialAction\":[{\"@type\":\"SearchAction\",\"target\":{\"@type\":\"EntryPoint\",\"urlTemplate\":\"https:\\\/\\\/www.mikropakket.be\\\/fr\\\/?s={search_term_string}\"},\"query-input\":{\"@type\":\"PropertyValueSpecification\",\"valueRequired\":true,\"valueName\":\"search_term_string\"}}],\"inLanguage\":\"fr-BE\"},{\"@type\":\"Organization\",\"@id\":\"https:\\\/\\\/www.mikropakket.be\\\/fr\\\/#organization\",\"name\":\"Mikropakket\",\"url\":\"https:\\\/\\\/www.mikropakket.be\\\/fr\\\/\",\"logo\":{\"@type\":\"ImageObject\",\"inLanguage\":\"fr-BE\",\"@id\":\"https:\\\/\\\/www.mikropakket.be\\\/fr\\\/#\\\/schema\\\/logo\\\/image\\\/\",\"url\":\"https:\\\/\\\/www.mikropakket.be\\\/wp-content\\\/uploads\\\/logo-mikropakket.svg\",\"contentUrl\":\"https:\\\/\\\/www.mikropakket.be\\\/wp-content\\\/uploads\\\/logo-mikropakket.svg\",\"width\":821,\"height\":162,\"caption\":\"Mikropakket\"},\"image\":{\"@id\":\"https:\\\/\\\/www.mikropakket.be\\\/fr\\\/#\\\/schema\\\/logo\\\/image\\\/\"},\"sameAs\":[\"https:\\\/\\\/www.linkedin.com\\\/company\\\/mikropakket-benelux\\\/\"]}]}<\/script>\n<!-- \/ Yoast SEO plugin. -->","yoast_head_json":{"title":"Travailler chez Mikropakket : Consultez nos offres d\u2019emploi","description":"Vous travaillez chez Mikropakket? D\u00e9couvrez nos offres d'emploi et contribuez \u00e0 une logistique fiable gr\u00e2ce \u00e0 un service personnalis\u00e9.","robots":{"index":"index","follow":"follow","max-snippet":"max-snippet:-1","max-image-preview":"max-image-preview:large","max-video-preview":"max-video-preview:-1"},"canonical":"https:\/\/www.mikropakket.be\/fr\/offres-demploi\/","og_locale":"fr_FR","og_type":"article","og_title":"Travailler chez Mikropakket : Consultez nos offres d\u2019emploi","og_description":"Vous travaillez chez Mikropakket? D\u00e9couvrez nos offres d'emploi et contribuez \u00e0 une logistique fiable gr\u00e2ce \u00e0 un service personnalis\u00e9.","og_url":"https:\/\/www.mikropakket.be\/fr\/offres-demploi\/","og_site_name":"Mikropakket BE","article_modified_time":"2025-11-06T21:59:59+00:00","twitter_card":"summary_large_image","schema":{"@context":"https:\/\/schema.org","@graph":[{"@type":"WebPage","@id":"https:\/\/www.mikropakket.be\/fr\/offres-demploi\/","url":"https:\/\/www.mikropakket.be\/fr\/offres-demploi\/","name":"Travailler chez Mikropakket : Consultez nos offres d\u2019emploi","isPartOf":{"@id":"https:\/\/www.mikropakket.be\/fr\/#website"},"datePublished":"2025-08-26T20:07:22+00:00","dateModified":"2025-11-06T21:59:59+00:00","description":"Vous travaillez chez Mikropakket? D\u00e9couvrez nos offres d'emploi et contribuez \u00e0 une logistique fiable gr\u00e2ce \u00e0 un service personnalis\u00e9.","breadcrumb":{"@id":"https:\/\/www.mikropakket.be\/fr\/offres-demploi\/#breadcrumb"},"inLanguage":"fr-BE","potentialAction":[{"@type":"ReadAction","target":["https:\/\/www.mikropakket.be\/fr\/offres-demploi\/"]}]},{"@type":"BreadcrumbList","@id":"https:\/\/www.mikropakket.be\/fr\/offres-demploi\/#breadcrumb","itemListElement":[{"@type":"ListItem","position":1,"name":"Home","item":"https:\/\/www.mikropakket.be\/fr\/"},{"@type":"ListItem","position":2,"name":"Offres d&#8217;emploi"}]},{"@type":"WebSite","@id":"https:\/\/www.mikropakket.be\/fr\/#website","url":"https:\/\/www.mikropakket.be\/fr\/","name":"Mikropakket","description":"Veilig transport voor waardevolle zendingen","publisher":{"@id":"https:\/\/www.mikropakket.be\/fr\/#organization"},"potentialAction":[{"@type":"SearchAction","target":{"@type":"EntryPoint","urlTemplate":"https:\/\/www.mikropakket.be\/fr\/?s={search_term_string}"},"query-input":{"@type":"PropertyValueSpecification","valueRequired":true,"valueName":"search_term_string"}}],"inLanguage":"fr-BE"},{"@type":"Organization","@id":"https:\/\/www.mikropakket.be\/fr\/#organization","name":"Mikropakket","url":"https:\/\/www.mikropakket.be\/fr\/","logo":{"@type":"ImageObject","inLanguage":"fr-BE","@id":"https:\/\/www.mikropakket.be\/fr\/#\/schema\/logo\/image\/","url":"https:\/\/www.mikropakket.be\/wp-content\/uploads\/logo-mikropakket.svg","contentUrl":"https:\/\/www.mikropakket.be\/wp-content\/uploads\/logo-mikropakket.svg","width":821,"height":162,"caption":"Mikropakket"},"image":{"@id":"https:\/\/www.mikropakket.be\/fr\/#\/schema\/logo\/image\/"},"sameAs":["https:\/\/www.linkedin.com\/company\/mikropakket-benelux\/"]}]}},"_links":{"self":[{"href":"https:\/\/www.mikropakket.be\/fr\/wp-json\/wp\/v2\/pages\/11095","targetHints":{"allow":["GET"]}}],"collection":[{"href":"https:\/\/www.mikropakket.be\/fr\/wp-json\/wp\/v2\/pages"}],"about":[{"href":"https:\/\/www.mikropakket.be\/fr\/wp-json\/wp\/v2\/types\/page"}],"author":[{"embeddable":true,"href":"https:\/\/www.mikropakket.be\/fr\/wp-json\/wp\/v2\/users\/1"}],"replies":[{"embeddable":true,"href":"https:\/\/www.mikropakket.be\/fr\/wp-json\/wp\/v2\/comments?post=11095"}],"version-history":[{"count":1,"href":"https:\/\/www.mikropakket.be\/fr\/wp-json\/wp\/v2\/pages\/11095\/revisions"}],"predecessor-version":[{"id":11096,"href":"https:\/\/www.mikropakket.be\/fr\/wp-json\/wp\/v2\/pages\/11095\/revisions\/11096"}],"wp:attachment":[{"href":"https:\/\/www.mikropakket.be\/fr\/wp-json\/wp\/v2\/media?parent=11095"}],"curies":[{"name":"wp","href":"https:\/\/api.w.org\/{rel}","templated":true}]}}