{"id":11093,"date":"2025-08-22T10:29:59","date_gmt":"2025-08-22T10:29:59","guid":{"rendered":"https:\/\/www.mikropakket.be\/declaration-relative-a-la-confidentialite-et-aux-cookies\/"},"modified":"2025-11-06T21:57:08","modified_gmt":"2025-11-06T21:57:08","slug":"declaration-relative-a-la-confidentialite-et-aux-cookies","status":"publish","type":"page","link":"https:\/\/www.mikropakket.be\/fr\/declaration-relative-a-la-confidentialite-et-aux-cookies\/","title":{"rendered":"D\u00e9claration relative \u00e0 la confidentialit\u00e9 et aux cookies"},"content":{"rendered":"\t\t<div data-elementor-type=\"wp-page\" data-elementor-id=\"11093\" class=\"elementor elementor-11093 elementor-9012\" data-elementor-post-type=\"page\">\n\t\t\t\t<div class=\"elementor-element elementor-element-cf7de30 e-flex e-con-boxed wcf-starter-animations-none e-con e-parent\" data-id=\"cf7de30\" data-element_type=\"container\" data-e-type=\"container\" data-settings=\"{&quot;background_background&quot;:&quot;classic&quot;}\">\n\t\t\t\t\t<div class=\"e-con-inner\">\n\t\t<div class=\"elementor-element elementor-element-6d61fc1 e-con-full e-flex wcf-starter-animations-none e-con e-child\" data-id=\"6d61fc1\" data-element_type=\"container\" data-e-type=\"container\">\n\t\t\t\t<div class=\"elementor-element elementor-element-9f7ea54 wcf-starter-animations-none elementor-widget elementor-widget-wcf--title\" data-id=\"9f7ea54\" data-element_type=\"widget\" data-e-type=\"widget\" data-settings=\"{&quot;wcf_starter_animations&quot;:&quot;none&quot;,&quot;wcf_anim_duration&quot;:1000,&quot;wcf_anim_delay&quot;:0,&quot;wcf_anim_ease&quot;:&quot;ease&quot;}\" data-widget_type=\"wcf--title.default\">\n\t\t\t\t<div class=\"elementor-widget-container\">\n\t\t\t\t\t<h1 class=\"wcf--title\">D\u00e9claration relative \u00e0 la confidentialit\u00e9 et aux cookies<\/h1>\t\t\t\t<\/div>\n\t\t\t\t<\/div>\n\t\t\t\t<\/div>\n\t\t<div class=\"elementor-element elementor-element-7ad9de6 e-con-full e-flex wcf-starter-animations-none e-con e-child\" data-id=\"7ad9de6\" data-element_type=\"container\" data-e-type=\"container\">\n\t\t<div class=\"elementor-element elementor-element-bcbf184 e-con-full e-flex wcf-starter-animations-none e-con e-child\" data-id=\"bcbf184\" data-element_type=\"container\" data-e-type=\"container\" data-settings=\"{&quot;animation_mobile_extra&quot;:&quot;none&quot;}\">\n\t\t<div class=\"elementor-element elementor-element-f79982a e-con-full e-flex wcf-starter-animations-none e-con e-child\" data-id=\"f79982a\" data-element_type=\"container\" data-e-type=\"container\">\n\t\t\t\t<div class=\"elementor-element elementor-element-2c90c1c wcf-starter-animations-none elementor-invisible elementor-widget elementor-widget-heading\" data-id=\"2c90c1c\" data-element_type=\"widget\" data-e-type=\"widget\" data-settings=\"{&quot;_animation&quot;:&quot;fadeIn&quot;,&quot;wcf_starter_animations&quot;:&quot;none&quot;,&quot;wcf_anim_duration&quot;:1000,&quot;wcf_anim_delay&quot;:0,&quot;wcf_anim_ease&quot;:&quot;ease&quot;}\" data-widget_type=\"heading.default\">\n\t\t\t\t<div class=\"elementor-widget-container\">\n\t\t\t\t\t<h2 class=\"elementor-heading-title elementor-size-default\">Tout sur les cookies<\/h2>\t\t\t\t<\/div>\n\t\t\t\t<\/div>\n\t\t\t\t<div class=\"elementor-element elementor-element-28defb6 wcf-starter-animations-none elementor-widget elementor-widget-text-editor\" data-id=\"28defb6\" data-element_type=\"widget\" data-e-type=\"widget\" data-settings=\"{&quot;wcf_starter_animations&quot;:&quot;none&quot;,&quot;wcf_anim_duration&quot;:1000,&quot;wcf_anim_delay&quot;:0,&quot;wcf_anim_ease&quot;:&quot;ease&quot;}\" data-widget_type=\"text-editor.default\">\n\t\t\t\t<div class=\"elementor-widget-container\">\n\t\t\t\t\t\t\t\t\t<p>Vous visitez le site web de Mikropakket ? Nous utilisons alors des cookies. Ce sont de petits fichiers texte que nous stockons sur votre ordinateur, t\u00e9l\u00e9phone ou tablette. Les informations contenues dans ces fichiers nous permettent de vous reconna\u00eetre lors de votre prochaine visite sur notre site web.   <\/p>\n<h3>&nbsp;<\/h3>\n<h3 class=\"text-purple font-semibold\">Vous pr\u00e9f\u00e9rez ne pas utiliser de cookies ?<\/h3>\n<p>Vous pr\u00e9f\u00e9rez que nous ne stockions aucune information vous concernant ni les param\u00e8tres de votre appareil ? Vous pouvez alors modifier ce param\u00e8tre vous-m\u00eame. <\/p>\n<h3>&nbsp;<\/h3>\n<h3 class=\"text-purple font-semibold\">Suppression des cookies<\/h3>\n<p>Vous pouvez supprimer les cookies dans votre navigateur internet, par exemple, Apple Safari, Google Chrome ou Microsoft Edge. Vous pouvez \u00e9galement configurer votre navigateur pour qu&rsquo;il vous avertisse lorsqu&rsquo;un site web utilise des cookies. \u00c0 chaque visite, vous d\u00e9cidez d&rsquo;accepter ou non leur utilisation. Envie d&rsquo;en savoir plus ? Consultez l&rsquo;aide de votre navigateur.    <\/p>\n<h3>&nbsp;<\/h3>\n<h3 class=\"text-purple font-semibold\">\u00c0 quoi servent les cookies ?<\/h3>\n<p>Nous utilisons des cookies \u00e0 diverses fins. Sur cette page, vous pouvez consulter la description des cookies et les entreprises qui les d\u00e9posent. Pour certains types de cookies, nous faisons appel \u00e0 des prestataires tiers, tels que Google. Dans ce cas, nous vous invitons \u00e0 consulter le site web de cette entreprise pour plus d&rsquo;informations.   <\/p>\n<p>Remarque : nous nous effor\u00e7ons de maintenir la liste de ces organisations \u00e0 jour. Toutefois, il est possible que des cookies soient d\u00e9pos\u00e9s par une entreprise non r\u00e9pertori\u00e9e. Dans ce cas, veuillez contacter notre service client. Nous mettrons alors \u00e0 jour la liste sur cette page.   <\/p>\n<h3>&nbsp;<\/h3>\n<h3 class=\"text-purple font-semibold\">1. Fonctionnels : pour assurer le bon fonctionnement de nos sites web et de notre application.<\/h3>\n<p>Votre consentement n&rsquo;est pas requis pour ces cookies, car ils permettent \u00e0 notre site web et \u00e0 notre application de fonctionner correctement. Par exemple, ils nous permettent de m\u00e9moriser vos identifiants de connexion. Gr\u00e2ce \u00e0 ces cookies, vous n&rsquo;avez pas besoin de fournir les m\u00eames informations \u00e0 chaque visite sur notre site web.  <\/p>\n<h3>&nbsp;<\/h3>\n<h3 class=\"text-purple font-semibold\">2. Analytiques : pour mesurer l&rsquo;utilisation de nos sites web et de notre application.<\/h3>\n<p>Nous utilisons ces cookies pour analyser votre utilisation de notre site web. Cela nous permet d&rsquo;am\u00e9liorer nos services et nos informations. Par exemple, nous voyons les informations que vous avez consult\u00e9es sur le site web avant de contacter notre service client. Nous optimisons ensuite ces informations afin d&rsquo;\u00e9viter \u00e0 d&rsquo;autres utilisateurs d&rsquo;avoir \u00e0 nous contacter. Votre consentement n&rsquo;est pas requis pour ces cookies, car ils am\u00e9liorent les performances du site web. Nous ne partageons pas les donn\u00e9es que nous collectons avec des tiers.     <\/p>\n<p>Nous utilisons ces cookies pour stocker des informations telles que :<\/p>\n<ul>\n<li>La dur\u00e9e de votre visite sur notre site web<\/li>\n<li>L\u2019appareil que vous utilisez (ordinateur, t\u00e9l\u00e9phone ou tablette, par exemple) <\/li>\n<li>Les publicit\u00e9s qui vous ont conduit(e) sur notre site web<\/li>\n<li>Le navigateur internet que vous avez utilis\u00e9 lors de votre visite<\/li>\n<\/ul>\n<h3>&nbsp;<\/h3>\n<h3 class=\"text-purple font-semibold\">3. Recommandations Mikropakket : pour vous fournir des conseils personnalis\u00e9s<\/h3>\n<p>Nous utilisons ces cookies pour suivre votre navigation sur nos sites web. Cela nous permet de personnaliser le contenu de nos sites web, applications et e-mails avec des informations susceptibles de vous int\u00e9resser. Nous n\u2019installons ces cookies qu\u2019avec votre autorisation.  <\/p>\n<p>\u00c0 cette fin, nous analysons des informations telles que:<\/p>\n<ul>\n<li>Les pages de notre site web que vous consultez<\/li>\n<li>L\u2019appareil que vous utilisez pour acc\u00e9der \u00e0 notre site web<\/li>\n<\/ul>\n<h3>&nbsp;<\/h3>\n<h3 class=\"text-purple font-semibold\">4. Publicit\u00e9s : pour adapter les publicit\u00e9s \u00e0 vos centres d\u2019int\u00e9r\u00eat<\/h3>\n<p>Nous utilisons ces cookies pour analyser les pages que vous consultez sur notre site web. Cela nous permet de d\u00e9terminer quelles publicit\u00e9s vous int\u00e9ressent et de les diffuser sur d\u2019autres sites web que vous visitez. <\/p>\n<p>Nous collaborons avec des partenaires publicitaires comme Google \u00e0 cette fin. Par l&rsquo;interm\u00e9diaire de ces partenaires, nous identifions \u00e9galement d&rsquo;autres groupes cibles susceptibles d&rsquo;\u00eatre int\u00e9ress\u00e9s par nos publicit\u00e9s. Nos partenaires peuvent utiliser des cookies publicitaires pour suivre votre navigation sur d&rsquo;autres sites web. Nous n&rsquo;utilisons ces cookies qu&rsquo;avec votre consentement.   <\/p>\n<p style=\"font-weight: 400;\">Ainsi, les cookies publicitaires nous aident \u00e0 am\u00e9liorer notre marketing digital.<\/p>\n<p><b>Remarque:<\/b> si vous refusez l&rsquo;utilisation de ces cookies, vous pourrez tout de m\u00eame recevoir des offres de notre part. Il s&rsquo;agira d&rsquo;offres g\u00e9n\u00e9rales.  <\/p>\n<p>Cliquez sur les entreprises ci-dessous pour consulter leurs pratiques en mati\u00e8re de donn\u00e9es. Leurs politiques de confidentialit\u00e9 sont susceptibles d&rsquo;\u00e9voluer. Nous pouvons \u00e9galement utiliser des cookies publicitaires provenant d&rsquo;entreprises ne figurant pas encore sur cette liste.  <\/p>\n<h3>&nbsp;<\/h3>\n<h3 class=\"text-purple font-semibold\">Syst\u00e8mes pour lesquels nous utilisons des cookies analytiques.<\/h3>\n<p>Les cookies de Google Analytics nous permettent d&rsquo;analyser votre utilisation de notre site web : les pages consult\u00e9es et les \u00e9l\u00e9ments sur lesquels vous cliquez.<\/p><p><br><\/p>\n<ul>\n<li><a href=\"https:\/\/policies.google.com\/privacy?hl=nl\" target=\"_blank\" rel=\"noopener\">DoubleClick (Google)<\/a><\/li>\n<li><a href=\"https:\/\/business.safety.google\/privacy\/\" target=\"_blank\" rel=\"noopener\">Google Analytics<\/a><\/li>\n<li><a href=\"https:\/\/business.safety.google\/privacy\/\" target=\"_blank\" rel=\"noopener\">Google Ads<\/a><\/li>\n<li><a href=\"https:\/\/business.safety.google\/privacy\/\" target=\"_blank\" rel=\"noopener\">Google Dynamic Retargeting<\/a><\/li>\n<\/ul>\t\t\t\t\t\t\t\t<\/div>\n\t\t\t\t<\/div>\n\t\t\t\t<\/div>\n\t\t\t\t<\/div>\n\t\t\t\t<\/div>\n\t\t\t\t\t<\/div>\n\t\t\t\t<\/div>\n\t\t\t\t<\/div>\n\t\t","protected":false},"excerpt":{"rendered":"<p>D\u00e9claration relative \u00e0 la confidentialit\u00e9 et aux cookies Tout sur les cookies Vous visitez le site web de Mikropakket ? Nous utilisons alors des cookies. Ce sont de petits fichiers texte que nous stockons sur votre ordinateur, t\u00e9l\u00e9phone ou tablette. Les informations contenues dans ces fichiers nous permettent de vous reconna\u00eetre lors de votre prochaine [&hellip;]<\/p>\n","protected":false},"author":1,"featured_media":0,"parent":0,"menu_order":0,"comment_status":"closed","ping_status":"closed","template":"elementor_header_footer","meta":{"_acf_changed":false,"footnotes":""},"class_list":["post-11093","page","type-page","status-publish","hentry"],"acf":[],"yoast_head":"<!-- This site is optimized with the Yoast SEO plugin v27.3 - https:\/\/yoast.com\/product\/yoast-seo-wordpress\/ -->\n<title>D\u00e9claration relative \u00e0 la confidentialit\u00e9 et aux cookies - Mikropakket BE<\/title>\n<meta name=\"description\" content=\"Protection et cookies : D\u00e9couvrez comment nous utilisons les cookies (fonctionnels, analytiques, publicitaires) et comment vous pouvez g\u00e9rer votre confidentialit\u00e9 et vos pr\u00e9f\u00e9rences.\" \/>\n<meta name=\"robots\" content=\"index, follow, max-snippet:-1, max-image-preview:large, max-video-preview:-1\" \/>\n<link rel=\"canonical\" href=\"https:\/\/www.mikropakket.be\/fr\/declaration-relative-a-la-confidentialite-et-aux-cookies\/\" \/>\n<meta property=\"og:locale\" content=\"fr_FR\" \/>\n<meta property=\"og:type\" content=\"article\" \/>\n<meta property=\"og:title\" content=\"D\u00e9claration relative \u00e0 la confidentialit\u00e9 et aux cookies - Mikropakket BE\" \/>\n<meta property=\"og:description\" content=\"Protection et cookies : D\u00e9couvrez comment nous utilisons les cookies (fonctionnels, analytiques, publicitaires) et comment vous pouvez g\u00e9rer votre confidentialit\u00e9 et vos pr\u00e9f\u00e9rences.\" \/>\n<meta property=\"og:url\" content=\"https:\/\/www.mikropakket.be\/fr\/declaration-relative-a-la-confidentialite-et-aux-cookies\/\" \/>\n<meta property=\"og:site_name\" content=\"Mikropakket BE\" \/>\n<meta property=\"article:modified_time\" content=\"2025-11-06T21:57:08+00:00\" \/>\n<meta name=\"twitter:card\" content=\"summary_large_image\" \/>\n<meta name=\"twitter:label1\" content=\"Dur\u00e9e de lecture est.\" \/>\n\t<meta name=\"twitter:data1\" content=\"4 minutes\" \/>\n<script type=\"application\/ld+json\" class=\"yoast-schema-graph\">{\"@context\":\"https:\\\/\\\/schema.org\",\"@graph\":[{\"@type\":\"WebPage\",\"@id\":\"https:\\\/\\\/www.mikropakket.be\\\/fr\\\/declaration-relative-a-la-confidentialite-et-aux-cookies\\\/\",\"url\":\"https:\\\/\\\/www.mikropakket.be\\\/fr\\\/declaration-relative-a-la-confidentialite-et-aux-cookies\\\/\",\"name\":\"D\u00e9claration relative \u00e0 la confidentialit\u00e9 et aux cookies - Mikropakket BE\",\"isPartOf\":{\"@id\":\"https:\\\/\\\/www.mikropakket.be\\\/fr\\\/#website\"},\"datePublished\":\"2025-08-22T10:29:59+00:00\",\"dateModified\":\"2025-11-06T21:57:08+00:00\",\"description\":\"Protection et cookies : D\u00e9couvrez comment nous utilisons les cookies (fonctionnels, analytiques, publicitaires) et comment vous pouvez g\u00e9rer votre confidentialit\u00e9 et vos pr\u00e9f\u00e9rences.\",\"breadcrumb\":{\"@id\":\"https:\\\/\\\/www.mikropakket.be\\\/fr\\\/declaration-relative-a-la-confidentialite-et-aux-cookies\\\/#breadcrumb\"},\"inLanguage\":\"fr-BE\",\"potentialAction\":[{\"@type\":\"ReadAction\",\"target\":[\"https:\\\/\\\/www.mikropakket.be\\\/fr\\\/declaration-relative-a-la-confidentialite-et-aux-cookies\\\/\"]}]},{\"@type\":\"BreadcrumbList\",\"@id\":\"https:\\\/\\\/www.mikropakket.be\\\/fr\\\/declaration-relative-a-la-confidentialite-et-aux-cookies\\\/#breadcrumb\",\"itemListElement\":[{\"@type\":\"ListItem\",\"position\":1,\"name\":\"Home\",\"item\":\"https:\\\/\\\/www.mikropakket.be\\\/fr\\\/\"},{\"@type\":\"ListItem\",\"position\":2,\"name\":\"D\u00e9claration relative \u00e0 la confidentialit\u00e9 et aux cookies\"}]},{\"@type\":\"WebSite\",\"@id\":\"https:\\\/\\\/www.mikropakket.be\\\/fr\\\/#website\",\"url\":\"https:\\\/\\\/www.mikropakket.be\\\/fr\\\/\",\"name\":\"Mikropakket\",\"description\":\"Veilig transport voor waardevolle zendingen\",\"publisher\":{\"@id\":\"https:\\\/\\\/www.mikropakket.be\\\/fr\\\/#organization\"},\"potentialAction\":[{\"@type\":\"SearchAction\",\"target\":{\"@type\":\"EntryPoint\",\"urlTemplate\":\"https:\\\/\\\/www.mikropakket.be\\\/fr\\\/?s={search_term_string}\"},\"query-input\":{\"@type\":\"PropertyValueSpecification\",\"valueRequired\":true,\"valueName\":\"search_term_string\"}}],\"inLanguage\":\"fr-BE\"},{\"@type\":\"Organization\",\"@id\":\"https:\\\/\\\/www.mikropakket.be\\\/fr\\\/#organization\",\"name\":\"Mikropakket\",\"url\":\"https:\\\/\\\/www.mikropakket.be\\\/fr\\\/\",\"logo\":{\"@type\":\"ImageObject\",\"inLanguage\":\"fr-BE\",\"@id\":\"https:\\\/\\\/www.mikropakket.be\\\/fr\\\/#\\\/schema\\\/logo\\\/image\\\/\",\"url\":\"https:\\\/\\\/www.mikropakket.be\\\/wp-content\\\/uploads\\\/logo-mikropakket.svg\",\"contentUrl\":\"https:\\\/\\\/www.mikropakket.be\\\/wp-content\\\/uploads\\\/logo-mikropakket.svg\",\"width\":821,\"height\":162,\"caption\":\"Mikropakket\"},\"image\":{\"@id\":\"https:\\\/\\\/www.mikropakket.be\\\/fr\\\/#\\\/schema\\\/logo\\\/image\\\/\"},\"sameAs\":[\"https:\\\/\\\/www.linkedin.com\\\/company\\\/mikropakket-benelux\\\/\"]}]}<\/script>\n<!-- \/ Yoast SEO plugin. -->","yoast_head_json":{"title":"D\u00e9claration relative \u00e0 la confidentialit\u00e9 et aux cookies - Mikropakket BE","description":"Protection et cookies : D\u00e9couvrez comment nous utilisons les cookies (fonctionnels, analytiques, publicitaires) et comment vous pouvez g\u00e9rer votre confidentialit\u00e9 et vos pr\u00e9f\u00e9rences.","robots":{"index":"index","follow":"follow","max-snippet":"max-snippet:-1","max-image-preview":"max-image-preview:large","max-video-preview":"max-video-preview:-1"},"canonical":"https:\/\/www.mikropakket.be\/fr\/declaration-relative-a-la-confidentialite-et-aux-cookies\/","og_locale":"fr_FR","og_type":"article","og_title":"D\u00e9claration relative \u00e0 la confidentialit\u00e9 et aux cookies - Mikropakket BE","og_description":"Protection et cookies : D\u00e9couvrez comment nous utilisons les cookies (fonctionnels, analytiques, publicitaires) et comment vous pouvez g\u00e9rer votre confidentialit\u00e9 et vos pr\u00e9f\u00e9rences.","og_url":"https:\/\/www.mikropakket.be\/fr\/declaration-relative-a-la-confidentialite-et-aux-cookies\/","og_site_name":"Mikropakket BE","article_modified_time":"2025-11-06T21:57:08+00:00","twitter_card":"summary_large_image","twitter_misc":{"Dur\u00e9e de lecture est.":"4 minutes"},"schema":{"@context":"https:\/\/schema.org","@graph":[{"@type":"WebPage","@id":"https:\/\/www.mikropakket.be\/fr\/declaration-relative-a-la-confidentialite-et-aux-cookies\/","url":"https:\/\/www.mikropakket.be\/fr\/declaration-relative-a-la-confidentialite-et-aux-cookies\/","name":"D\u00e9claration relative \u00e0 la confidentialit\u00e9 et aux cookies - Mikropakket BE","isPartOf":{"@id":"https:\/\/www.mikropakket.be\/fr\/#website"},"datePublished":"2025-08-22T10:29:59+00:00","dateModified":"2025-11-06T21:57:08+00:00","description":"Protection et cookies : D\u00e9couvrez comment nous utilisons les cookies (fonctionnels, analytiques, publicitaires) et comment vous pouvez g\u00e9rer votre confidentialit\u00e9 et vos pr\u00e9f\u00e9rences.","breadcrumb":{"@id":"https:\/\/www.mikropakket.be\/fr\/declaration-relative-a-la-confidentialite-et-aux-cookies\/#breadcrumb"},"inLanguage":"fr-BE","potentialAction":[{"@type":"ReadAction","target":["https:\/\/www.mikropakket.be\/fr\/declaration-relative-a-la-confidentialite-et-aux-cookies\/"]}]},{"@type":"BreadcrumbList","@id":"https:\/\/www.mikropakket.be\/fr\/declaration-relative-a-la-confidentialite-et-aux-cookies\/#breadcrumb","itemListElement":[{"@type":"ListItem","position":1,"name":"Home","item":"https:\/\/www.mikropakket.be\/fr\/"},{"@type":"ListItem","position":2,"name":"D\u00e9claration relative \u00e0 la confidentialit\u00e9 et aux cookies"}]},{"@type":"WebSite","@id":"https:\/\/www.mikropakket.be\/fr\/#website","url":"https:\/\/www.mikropakket.be\/fr\/","name":"Mikropakket","description":"Veilig transport voor waardevolle zendingen","publisher":{"@id":"https:\/\/www.mikropakket.be\/fr\/#organization"},"potentialAction":[{"@type":"SearchAction","target":{"@type":"EntryPoint","urlTemplate":"https:\/\/www.mikropakket.be\/fr\/?s={search_term_string}"},"query-input":{"@type":"PropertyValueSpecification","valueRequired":true,"valueName":"search_term_string"}}],"inLanguage":"fr-BE"},{"@type":"Organization","@id":"https:\/\/www.mikropakket.be\/fr\/#organization","name":"Mikropakket","url":"https:\/\/www.mikropakket.be\/fr\/","logo":{"@type":"ImageObject","inLanguage":"fr-BE","@id":"https:\/\/www.mikropakket.be\/fr\/#\/schema\/logo\/image\/","url":"https:\/\/www.mikropakket.be\/wp-content\/uploads\/logo-mikropakket.svg","contentUrl":"https:\/\/www.mikropakket.be\/wp-content\/uploads\/logo-mikropakket.svg","width":821,"height":162,"caption":"Mikropakket"},"image":{"@id":"https:\/\/www.mikropakket.be\/fr\/#\/schema\/logo\/image\/"},"sameAs":["https:\/\/www.linkedin.com\/company\/mikropakket-benelux\/"]}]}},"_links":{"self":[{"href":"https:\/\/www.mikropakket.be\/fr\/wp-json\/wp\/v2\/pages\/11093","targetHints":{"allow":["GET"]}}],"collection":[{"href":"https:\/\/www.mikropakket.be\/fr\/wp-json\/wp\/v2\/pages"}],"about":[{"href":"https:\/\/www.mikropakket.be\/fr\/wp-json\/wp\/v2\/types\/page"}],"author":[{"embeddable":true,"href":"https:\/\/www.mikropakket.be\/fr\/wp-json\/wp\/v2\/users\/1"}],"replies":[{"embeddable":true,"href":"https:\/\/www.mikropakket.be\/fr\/wp-json\/wp\/v2\/comments?post=11093"}],"version-history":[{"count":1,"href":"https:\/\/www.mikropakket.be\/fr\/wp-json\/wp\/v2\/pages\/11093\/revisions"}],"predecessor-version":[{"id":11094,"href":"https:\/\/www.mikropakket.be\/fr\/wp-json\/wp\/v2\/pages\/11093\/revisions\/11094"}],"wp:attachment":[{"href":"https:\/\/www.mikropakket.be\/fr\/wp-json\/wp\/v2\/media?parent=11093"}],"curies":[{"name":"wp","href":"https:\/\/api.w.org\/{rel}","templated":true}]}}